{"id":108,"date":"2017-05-16T21:12:28","date_gmt":"2017-05-16T19:12:28","guid":{"rendered":"http:\/\/dr-dumat.fr\/?page_id=108"},"modified":"2017-05-25T20:58:06","modified_gmt":"2017-05-25T18:58:06","slug":"prise-en-charge","status":"publish","type":"page","link":"https:\/\/dr-dumat.fr\/index.php\/prise-en-charge\/","title":{"rendered":"Prise en charge"},"content":{"rendered":"<h5 style=\"text-align: justify;\">D\u00e9roulement de la prise en charge orthodontique<\/h5>\n<p style=\"text-align: justify;\">La premi\u00e8re consultation (prise en charge \u00e0 hauteur de 70%\u00a0par la S\u00e9curit\u00e9 Sociale) permet d\u2019\u00e9valuer une \u00e9ventuelle malocclusion et d\u2019\u00e9tablir le besoin d\u2019un traitement orthodontique.<\/p>\n<p style=\"text-align: justify;\">Le deuxi\u00e8me rendez-vous correspond au bilan orthodontique (TO20) au cours duquel sont r\u00e9alis\u00e9s photos et moulages ainsi que des clich\u00e9s radiologiques, permettant de confirmer et d\u2019affiner le plan de traitement.<\/p>\n<p style=\"text-align: justify;\">A l\u2019issue du bilan orthodontique, et apr\u00e8s discussion du plan de traitement, le traitement orthodontique d\u00e9bute. Il est renouvel\u00e9 de semestre en semestre (de 6 mois en 6 mois) et peut s\u2019\u00e9tendre sur une dur\u00e9e allant jusqu\u2019\u00e0 3 ans. La facturation (TO90) se fait \u00e0 la fin de chaque semestre (permettant d\u2019obtenir le remboursement de la S\u00e9curit\u00e9 Sociale) et une nouvelle demande d\u2019entente pr\u00e9alable est alors envoy\u00e9e \u00e0 la S\u00e9curit\u00e9 Sociale renouvellant le traitement pour une nouvelle dur\u00e9e de 6 mois et ce, jusqu\u2019\u00e0 la d\u00e9cision de fin de traitement.<\/p>\n<p style=\"text-align: justify;\">A l\u2019issue de la phase active du traitement et apr\u00e8s d\u00e9pose des appareils, une phase de contention (TO75) d\u2019une ann\u00e9e est syst\u00e9matiquement r\u00e9alis\u00e9e et permet de s\u2019assurer de la bonne r\u00e9organisation tissulaire autour des nouvelles positions dentaires et osseuses obtenues, assurant la stabilit\u00e9 et p\u00e9rennit\u00e9 des r\u00e9sultats<\/p>\n<p style=\"text-align: justify;\">Seuls les patients ayant d\u00e9but\u00e9 leur traitement d\u2019orthodontie avant leurs 16 ans peuvent b\u00e9n\u00e9ficier du remboursement allou\u00e9 par la S\u00e9curit\u00e9 Sociale (193,50 euros par semestre)<br \/>\nChez le patient adulte de plus de 16 ans, hormis la consultation initiale, le traitement orthodontique n\u2019est plus pris en charge par la S\u00e9curit\u00e9 Sociale. Les mutuelles peuvent jouer un r\u00f4le et prendre une partie du traitement en charge.<\/p>\n<h5 style=\"text-align: justify;\">Prix<\/h5>\n<p style=\"text-align: justify;\">Un devis est syst\u00e9matiquement fourni et expliqu\u00e9 avant de d\u00e9buter le traitement.<\/p>\n","protected":false},"excerpt":{"rendered":"<p>D\u00e9roulement de la prise en charge orthodontique La premi\u00e8re consultation (prise en charge \u00e0 hauteur de 70%\u00a0par la S\u00e9curit\u00e9 Sociale) permet d\u2019\u00e9valuer une \u00e9ventuelle malocclusion et d\u2019\u00e9tablir le besoin d\u2019un traitement orthodontique. Le deuxi\u00e8me rendez-vous correspond au bilan orthodontique (TO20) au cours duquel sont r\u00e9alis\u00e9s photos et moulages ainsi que des clich\u00e9s radiologiques, permettant de &hellip; <\/p>\n<p class=\"link-more\"><a href=\"https:\/\/dr-dumat.fr\/index.php\/prise-en-charge\/\" class=\"more-link\">Continue reading<span class=\"screen-reader-text\"> &#8220;Prise en charge&#8221;<\/span><\/a><\/p>\n","protected":false},"author":1,"featured_media":0,"parent":0,"menu_order":0,"comment_status":"closed","ping_status":"closed","template":"","meta":{"footnotes":""},"class_list":["post-108","page","type-page","status-publish","hentry"],"_links":{"self":[{"href":"https:\/\/dr-dumat.fr\/index.php\/wp-json\/wp\/v2\/pages\/108","targetHints":{"allow":["GET"]}}],"collection":[{"href":"https:\/\/dr-dumat.fr\/index.php\/wp-json\/wp\/v2\/pages"}],"about":[{"href":"https:\/\/dr-dumat.fr\/index.php\/wp-json\/wp\/v2\/types\/page"}],"author":[{"embeddable":true,"href":"https:\/\/dr-dumat.fr\/index.php\/wp-json\/wp\/v2\/users\/1"}],"replies":[{"embeddable":true,"href":"https:\/\/dr-dumat.fr\/index.php\/wp-json\/wp\/v2\/comments?post=108"}],"version-history":[{"count":6,"href":"https:\/\/dr-dumat.fr\/index.php\/wp-json\/wp\/v2\/pages\/108\/revisions"}],"predecessor-version":[{"id":223,"href":"https:\/\/dr-dumat.fr\/index.php\/wp-json\/wp\/v2\/pages\/108\/revisions\/223"}],"wp:attachment":[{"href":"https:\/\/dr-dumat.fr\/index.php\/wp-json\/wp\/v2\/media?parent=108"}],"curies":[{"name":"wp","href":"https:\/\/api.w.org\/{rel}","templated":true}]}}