{"id":133,"date":"2017-05-17T20:39:53","date_gmt":"2017-05-17T18:39:53","guid":{"rendered":"http:\/\/dr-dumat.fr\/?page_id=133"},"modified":"2024-11-23T18:34:33","modified_gmt":"2024-11-23T17:34:33","slug":"votre-praticien","status":"publish","type":"page","link":"https:\/\/dr-dumat.fr\/index.php\/votre-praticien\/","title":{"rendered":"Votre praticien"},"content":{"rendered":"\n<p>Le <em>Docteur Marion Dumat<\/em> obtient son doctorat en chirurgie dentaire apr\u00e8s 6 ans d\u2019\u00e9tudes de chirurgie dentaire, et le compl\u00e8te par 4 ans de formation exclusive en orthop\u00e9die dento-faciale dans le cadre du &nbsp;<a href=\"https:\/\/fr.wikipedia.org\/wiki\/Orthodontie#Formation_professionnelle\" target=\"_blank\" rel=\"noopener noreferrer\">CECSMO<\/a> \u00e0 l\u2019universit\u00e9 de&nbsp;<a href=\"https:\/\/www.univ-paris5.fr\" target=\"_blank\" rel=\"noopener noreferrer\">Paris V<\/a>&nbsp;.<\/p>\n\n\n\n<p>Cette sp\u00e9cialisation conduite sur 10 ans aborde non seulement la th\u00e9orie sur les bancs universitaires mais \u00e9galement la pratique clinique par le biais d\u2019une exp\u00e9rience hospitali\u00e8re en C.H.U.<\/p>\n\n\n\n<p>Depuis 2009, elle exerce exclusivement en orthodontie et perfectionne sa pratique en cabinets priv\u00e9s et en milieu hospitalier en France et au Royaume-Uni.<\/p>\n\n\n\n<figure class=\"wp-block-gallery has-nested-images columns-default is-cropped wp-block-gallery-1 is-layout-flex wp-block-gallery-is-layout-flex\">\n<figure class=\"wp-block-image size-large\"><img loading=\"lazy\" decoding=\"async\" width=\"768\" height=\"1024\" data-id=\"334\" src=\"https:\/\/dr-dumat.fr\/wp-content\/uploads\/2024\/11\/A7400514-768x1024.jpg\" alt=\"orthodontiste Caen\" class=\"wp-image-334\" srcset=\"https:\/\/dr-dumat.fr\/wp-content\/uploads\/2024\/11\/A7400514-768x1024.jpg 768w, https:\/\/dr-dumat.fr\/wp-content\/uploads\/2024\/11\/A7400514-225x300.jpg 225w, https:\/\/dr-dumat.fr\/wp-content\/uploads\/2024\/11\/A7400514-1152x1536.jpg 1152w, https:\/\/dr-dumat.fr\/wp-content\/uploads\/2024\/11\/A7400514.jpg 1536w\" sizes=\"auto, (max-width: 706px) 89vw, (max-width: 767px) 82vw, 740px\" \/><\/figure>\n\n\n\n<figure class=\"wp-block-image size-large\"><img loading=\"lazy\" decoding=\"async\" width=\"683\" height=\"1024\" data-id=\"310\" src=\"https:\/\/dr-dumat.fr\/wp-content\/uploads\/2024\/11\/A7400446-683x1024.jpg\" alt=\"Goutti\u00e8res bagues aligneurs\" class=\"wp-image-310\" srcset=\"https:\/\/dr-dumat.fr\/wp-content\/uploads\/2024\/11\/A7400446-683x1024.jpg 683w, https:\/\/dr-dumat.fr\/wp-content\/uploads\/2024\/11\/A7400446-200x300.jpg 200w, https:\/\/dr-dumat.fr\/wp-content\/uploads\/2024\/11\/A7400446-768x1152.jpg 768w, https:\/\/dr-dumat.fr\/wp-content\/uploads\/2024\/11\/A7400446-1024x1536.jpg 1024w, https:\/\/dr-dumat.fr\/wp-content\/uploads\/2024\/11\/A7400446.jpg 1365w\" sizes=\"auto, (max-width: 683px) 100vw, 683px\" \/><\/figure>\n<\/figure>\n\n\n\n<h6 class=\"wp-block-heading\">Docteur Marion DUMAT<\/h6>\n\n\n\n<p>Docteur en Chirurgie dentaire<br>\nSp\u00e9cialiste qualifi\u00e9e en Orthop\u00e9die dento-faciale<br>\nTitulaire du Certificat d\u2019Etudes Cliniques Sp\u00e9ciales Mention Orthodontie (CECSMO)<br>\nDipl\u00f4m\u00e9e de l\u2019Universit\u00e9 Paris V<br>\nInscrite au Conseil de l\u2019Ordre sous le num\u00e9ro 14-1141<\/p>\n\n\n\n<h5 class=\"wp-block-heading\"><\/h5>\n","protected":false},"excerpt":{"rendered":"<p>Le Docteur Marion Dumat obtient son doctorat en chirurgie dentaire apr\u00e8s 6 ans d\u2019\u00e9tudes de chirurgie dentaire, et le compl\u00e8te par 4 ans de formation exclusive en orthop\u00e9die dento-faciale dans le cadre du &nbsp;CECSMO \u00e0 l\u2019universit\u00e9 de&nbsp;Paris V&nbsp;. Cette sp\u00e9cialisation conduite sur 10 ans aborde non seulement la th\u00e9orie sur les bancs universitaires mais \u00e9galement &hellip; <\/p>\n<p class=\"link-more\"><a href=\"https:\/\/dr-dumat.fr\/index.php\/votre-praticien\/\" class=\"more-link\">Continue reading<span class=\"screen-reader-text\"> &#8220;Votre praticien&#8221;<\/span><\/a><\/p>\n","protected":false},"author":1,"featured_media":0,"parent":0,"menu_order":0,"comment_status":"closed","ping_status":"closed","template":"","meta":{"footnotes":""},"class_list":["post-133","page","type-page","status-publish","hentry"],"_links":{"self":[{"href":"https:\/\/dr-dumat.fr\/index.php\/wp-json\/wp\/v2\/pages\/133","targetHints":{"allow":["GET"]}}],"collection":[{"href":"https:\/\/dr-dumat.fr\/index.php\/wp-json\/wp\/v2\/pages"}],"about":[{"href":"https:\/\/dr-dumat.fr\/index.php\/wp-json\/wp\/v2\/types\/page"}],"author":[{"embeddable":true,"href":"https:\/\/dr-dumat.fr\/index.php\/wp-json\/wp\/v2\/users\/1"}],"replies":[{"embeddable":true,"href":"https:\/\/dr-dumat.fr\/index.php\/wp-json\/wp\/v2\/comments?post=133"}],"version-history":[{"count":10,"href":"https:\/\/dr-dumat.fr\/index.php\/wp-json\/wp\/v2\/pages\/133\/revisions"}],"predecessor-version":[{"id":359,"href":"https:\/\/dr-dumat.fr\/index.php\/wp-json\/wp\/v2\/pages\/133\/revisions\/359"}],"wp:attachment":[{"href":"https:\/\/dr-dumat.fr\/index.php\/wp-json\/wp\/v2\/media?parent=133"}],"curies":[{"name":"wp","href":"https:\/\/api.w.org\/{rel}","templated":true}]}}