{"id":136,"date":"2017-05-17T20:40:03","date_gmt":"2017-05-17T18:40:03","guid":{"rendered":"http:\/\/dr-dumat.fr\/?page_id=136"},"modified":"2024-11-23T18:31:06","modified_gmt":"2024-11-23T17:31:06","slug":"nos-locaux","status":"publish","type":"page","link":"https:\/\/dr-dumat.fr\/index.php\/nos-locaux\/","title":{"rendered":"Nos locaux"},"content":{"rendered":"\n<p>Nos locaux se situent au coeur de Douvres-La-D\u00e9livrande, au 13 route de Caen. A deux pas de la Mairie, le cabinet peut \u00eatre rejoint a pied depuis la plupart des coll\u00e8ges et lyc\u00e9es de la ville.<\/p>\n\n\n\n<p>Le cabinet est \u00e9quip\u00e9 d&#8217;une salle de radiologie permettant une prise en charge compl\u00e8te des patients.<\/p>\n\n\n\n<p><\/p>\n\n\n\n<figure class=\"wp-block-gallery has-nested-images columns-default is-cropped wp-block-gallery-1 is-layout-flex wp-block-gallery-is-layout-flex\">\n<figure class=\"wp-block-image size-large\"><img loading=\"lazy\" decoding=\"async\" width=\"819\" height=\"1024\" data-id=\"339\" src=\"https:\/\/dr-dumat.fr\/wp-content\/uploads\/2024\/11\/A7400520-819x1024.jpg\" alt=\"\" class=\"wp-image-339\" srcset=\"https:\/\/dr-dumat.fr\/wp-content\/uploads\/2024\/11\/A7400520-819x1024.jpg 819w, https:\/\/dr-dumat.fr\/wp-content\/uploads\/2024\/11\/A7400520-240x300.jpg 240w, https:\/\/dr-dumat.fr\/wp-content\/uploads\/2024\/11\/A7400520-768x960.jpg 768w, https:\/\/dr-dumat.fr\/wp-content\/uploads\/2024\/11\/A7400520-1229x1536.jpg 1229w, https:\/\/dr-dumat.fr\/wp-content\/uploads\/2024\/11\/A7400520.jpg 1638w\" sizes=\"auto, (max-width: 706px) 89vw, (max-width: 767px) 82vw, 740px\" \/><\/figure>\n\n\n\n<figure class=\"wp-block-image size-large\"><img loading=\"lazy\" decoding=\"async\" width=\"819\" height=\"1024\" data-id=\"325\" src=\"https:\/\/dr-dumat.fr\/wp-content\/uploads\/2024\/11\/A7400493-819x1024.jpg\" alt=\"\" class=\"wp-image-325\" srcset=\"https:\/\/dr-dumat.fr\/wp-content\/uploads\/2024\/11\/A7400493-819x1024.jpg 819w, https:\/\/dr-dumat.fr\/wp-content\/uploads\/2024\/11\/A7400493-240x300.jpg 240w, https:\/\/dr-dumat.fr\/wp-content\/uploads\/2024\/11\/A7400493-768x960.jpg 768w, https:\/\/dr-dumat.fr\/wp-content\/uploads\/2024\/11\/A7400493-1229x1536.jpg 1229w, https:\/\/dr-dumat.fr\/wp-content\/uploads\/2024\/11\/A7400493.jpg 1638w\" sizes=\"auto, (max-width: 706px) 89vw, (max-width: 767px) 82vw, 740px\" \/><\/figure>\n\n\n\n<figure class=\"wp-block-image size-large\"><img loading=\"lazy\" decoding=\"async\" width=\"683\" height=\"1024\" data-id=\"328\" src=\"https:\/\/dr-dumat.fr\/wp-content\/uploads\/2024\/11\/A7400502-683x1024.jpg\" alt=\"\" class=\"wp-image-328\" srcset=\"https:\/\/dr-dumat.fr\/wp-content\/uploads\/2024\/11\/A7400502-683x1024.jpg 683w, https:\/\/dr-dumat.fr\/wp-content\/uploads\/2024\/11\/A7400502-200x300.jpg 200w, https:\/\/dr-dumat.fr\/wp-content\/uploads\/2024\/11\/A7400502-768x1152.jpg 768w, https:\/\/dr-dumat.fr\/wp-content\/uploads\/2024\/11\/A7400502-1024x1536.jpg 1024w, https:\/\/dr-dumat.fr\/wp-content\/uploads\/2024\/11\/A7400502.jpg 1365w\" sizes=\"auto, (max-width: 683px) 100vw, 683px\" \/><\/figure>\n\n\n\n<figure class=\"wp-block-image size-large\"><img loading=\"lazy\" decoding=\"async\" width=\"819\" height=\"1024\" data-id=\"320\" src=\"https:\/\/dr-dumat.fr\/wp-content\/uploads\/2024\/11\/A7400483-819x1024.jpg\" alt=\"\" class=\"wp-image-320\" srcset=\"https:\/\/dr-dumat.fr\/wp-content\/uploads\/2024\/11\/A7400483-819x1024.jpg 819w, https:\/\/dr-dumat.fr\/wp-content\/uploads\/2024\/11\/A7400483-240x300.jpg 240w, https:\/\/dr-dumat.fr\/wp-content\/uploads\/2024\/11\/A7400483-768x960.jpg 768w, https:\/\/dr-dumat.fr\/wp-content\/uploads\/2024\/11\/A7400483-1229x1536.jpg 1229w, https:\/\/dr-dumat.fr\/wp-content\/uploads\/2024\/11\/A7400483.jpg 1638w\" sizes=\"auto, (max-width: 706px) 89vw, (max-width: 767px) 82vw, 740px\" \/><\/figure>\n\n\n\n<figure class=\"wp-block-image size-large is-style-default\"><img loading=\"lazy\" decoding=\"async\" width=\"683\" height=\"1024\" data-id=\"332\" src=\"https:\/\/dr-dumat.fr\/wp-content\/uploads\/2024\/11\/A7400510-683x1024.jpg\" alt=\"\" class=\"wp-image-332\" srcset=\"https:\/\/dr-dumat.fr\/wp-content\/uploads\/2024\/11\/A7400510-683x1024.jpg 683w, https:\/\/dr-dumat.fr\/wp-content\/uploads\/2024\/11\/A7400510-200x300.jpg 200w, https:\/\/dr-dumat.fr\/wp-content\/uploads\/2024\/11\/A7400510-768x1152.jpg 768w, https:\/\/dr-dumat.fr\/wp-content\/uploads\/2024\/11\/A7400510-1024x1536.jpg 1024w, https:\/\/dr-dumat.fr\/wp-content\/uploads\/2024\/11\/A7400510.jpg 1365w\" sizes=\"auto, (max-width: 683px) 100vw, 683px\" \/><\/figure>\n<\/figure>\n","protected":false},"excerpt":{"rendered":"<p>Nos locaux se situent au coeur de Douvres-La-D\u00e9livrande, au 13 route de Caen. A deux pas de la Mairie, le cabinet peut \u00eatre rejoint a pied depuis la plupart des coll\u00e8ges et lyc\u00e9es de la ville. Le cabinet est \u00e9quip\u00e9 d&#8217;une salle de radiologie permettant une prise en charge compl\u00e8te des patients.<\/p>\n","protected":false},"author":1,"featured_media":0,"parent":0,"menu_order":0,"comment_status":"closed","ping_status":"closed","template":"","meta":{"footnotes":""},"class_list":["post-136","page","type-page","status-publish","hentry"],"_links":{"self":[{"href":"https:\/\/dr-dumat.fr\/index.php\/wp-json\/wp\/v2\/pages\/136","targetHints":{"allow":["GET"]}}],"collection":[{"href":"https:\/\/dr-dumat.fr\/index.php\/wp-json\/wp\/v2\/pages"}],"about":[{"href":"https:\/\/dr-dumat.fr\/index.php\/wp-json\/wp\/v2\/types\/page"}],"author":[{"embeddable":true,"href":"https:\/\/dr-dumat.fr\/index.php\/wp-json\/wp\/v2\/users\/1"}],"replies":[{"embeddable":true,"href":"https:\/\/dr-dumat.fr\/index.php\/wp-json\/wp\/v2\/comments?post=136"}],"version-history":[{"count":11,"href":"https:\/\/dr-dumat.fr\/index.php\/wp-json\/wp\/v2\/pages\/136\/revisions"}],"predecessor-version":[{"id":357,"href":"https:\/\/dr-dumat.fr\/index.php\/wp-json\/wp\/v2\/pages\/136\/revisions\/357"}],"wp:attachment":[{"href":"https:\/\/dr-dumat.fr\/index.php\/wp-json\/wp\/v2\/media?parent=136"}],"curies":[{"name":"wp","href":"https:\/\/api.w.org\/{rel}","templated":true}]}}