{"id":149,"date":"2017-05-17T20:45:14","date_gmt":"2017-05-17T18:45:14","guid":{"rendered":"http:\/\/dr-dumat.fr\/?page_id=149"},"modified":"2017-05-21T20:38:43","modified_gmt":"2017-05-21T18:38:43","slug":"chez-ladulte","status":"publish","type":"page","link":"https:\/\/dr-dumat.fr\/index.php\/chez-ladulte\/","title":{"rendered":"Chez l&#8217;adulte"},"content":{"rendered":"<h5 style=\"text-align: justify;\"><\/h5>\n<div id=\"TheTexte\" class=\"Texte\" lang=\"zxx\">\n<p style=\"text-align: justify;\">Un traitement orthodontique, permettant l\u2019am\u00e9lioration d\u2019une situation clinique, est possible \u00e0 tout \u00e2ge.<br \/>\nUn compromis th\u00e9rapeutique est souvent adopt\u00e9 afin de s\u2019adapter au support osseux et gingival, \u00e0 l\u2019historique dentaire (dents absentes, couronnes, implants\u2026), au vieillissement, et aux attentes du patient.<br \/>\nCe compromis de traitement doit permettre non seulement de r\u00e9pondre \u00e0 la demande esth\u00e9tique du patient tout en gardant bien en vue l\u2019environnement fonctionnel et les limites biologiques et dentaires qui permettent la stabilisation et le p\u00e9rennit\u00e9 des r\u00e9sultats acquis.<\/p>\n<p>&nbsp;<\/p>\n<\/div>\n","protected":false},"excerpt":{"rendered":"<p>Un traitement orthodontique, permettant l\u2019am\u00e9lioration d\u2019une situation clinique, est possible \u00e0 tout \u00e2ge. Un compromis th\u00e9rapeutique est souvent adopt\u00e9 afin de s\u2019adapter au support osseux et gingival, \u00e0 l\u2019historique dentaire (dents absentes, couronnes, implants\u2026), au vieillissement, et aux attentes du patient. Ce compromis de traitement doit permettre non seulement de r\u00e9pondre \u00e0 la demande esth\u00e9tique &hellip; <\/p>\n<p class=\"link-more\"><a href=\"https:\/\/dr-dumat.fr\/index.php\/chez-ladulte\/\" class=\"more-link\">Continue reading<span class=\"screen-reader-text\"> &#8220;Chez l&#8217;adulte&#8221;<\/span><\/a><\/p>\n","protected":false},"author":1,"featured_media":0,"parent":0,"menu_order":0,"comment_status":"closed","ping_status":"closed","template":"","meta":{"footnotes":""},"class_list":["post-149","page","type-page","status-publish","hentry"],"_links":{"self":[{"href":"https:\/\/dr-dumat.fr\/index.php\/wp-json\/wp\/v2\/pages\/149","targetHints":{"allow":["GET"]}}],"collection":[{"href":"https:\/\/dr-dumat.fr\/index.php\/wp-json\/wp\/v2\/pages"}],"about":[{"href":"https:\/\/dr-dumat.fr\/index.php\/wp-json\/wp\/v2\/types\/page"}],"author":[{"embeddable":true,"href":"https:\/\/dr-dumat.fr\/index.php\/wp-json\/wp\/v2\/users\/1"}],"replies":[{"embeddable":true,"href":"https:\/\/dr-dumat.fr\/index.php\/wp-json\/wp\/v2\/comments?post=149"}],"version-history":[{"count":5,"href":"https:\/\/dr-dumat.fr\/index.php\/wp-json\/wp\/v2\/pages\/149\/revisions"}],"predecessor-version":[{"id":198,"href":"https:\/\/dr-dumat.fr\/index.php\/wp-json\/wp\/v2\/pages\/149\/revisions\/198"}],"wp:attachment":[{"href":"https:\/\/dr-dumat.fr\/index.php\/wp-json\/wp\/v2\/media?parent=149"}],"curies":[{"name":"wp","href":"https:\/\/api.w.org\/{rel}","templated":true}]}}