{"id":152,"date":"2017-05-17T20:45:27","date_gmt":"2017-05-17T18:45:27","guid":{"rendered":"http:\/\/dr-dumat.fr\/?page_id=152"},"modified":"2017-05-21T20:37:06","modified_gmt":"2017-05-21T18:37:06","slug":"quand-consulter","status":"publish","type":"page","link":"https:\/\/dr-dumat.fr\/index.php\/quand-consulter\/","title":{"rendered":"Quand consulter?"},"content":{"rendered":"<h5><\/h5>\n<div id=\"TheTexte\" class=\"Texte\" lang=\"zxx\">\n<p>Un traitement orthodontique peut \u00eatre r\u00e9alis\u00e9 \u00e0 tout \u00e2ge, n\u00e9anmoins une simple visite permet de lever les doutes.<br \/>\nIl vaut mieux consulter son orthodontiste trop t\u00f4t plut\u00f4t que d\u2019attendre et de constater une situation aggrav\u00e9e par le temps et un environnement d\u00e9favorable et dysfonctionnel aboutissant \u00e0 un traitement complexe.<\/p>\n<p>Les traitements pr\u00e9coces concernent les enfants en cours de croissance et pr\u00e9sentant encore des dents de lait. Lorsqu\u2019ils sont indiqu\u00e9s, ils permettent de remettre le plus rapidement possible l\u2019enfant dans un environnement oro-facial favorable permettant une croissance harmonieuse et potentiellement de simplifier voire de raccourcir le traitement orthodontique en denture permanente.<\/p>\n<p>Les traitement tardifs concernent les adolescents en fin de croissance et les adultes. Ils permettent de corriger l\u2019alignement dentaire, la coordination des arcades, l\u2019emboitement des machoires.<\/p>\n<\/div>\n","protected":false},"excerpt":{"rendered":"<p>Un traitement orthodontique peut \u00eatre r\u00e9alis\u00e9 \u00e0 tout \u00e2ge, n\u00e9anmoins une simple visite permet de lever les doutes. Il vaut mieux consulter son orthodontiste trop t\u00f4t plut\u00f4t que d\u2019attendre et de constater une situation aggrav\u00e9e par le temps et un environnement d\u00e9favorable et dysfonctionnel aboutissant \u00e0 un traitement complexe. Les traitements pr\u00e9coces concernent les enfants &hellip; <\/p>\n<p class=\"link-more\"><a href=\"https:\/\/dr-dumat.fr\/index.php\/quand-consulter\/\" class=\"more-link\">Continue reading<span class=\"screen-reader-text\"> &#8220;Quand consulter?&#8221;<\/span><\/a><\/p>\n","protected":false},"author":1,"featured_media":0,"parent":0,"menu_order":0,"comment_status":"closed","ping_status":"closed","template":"","meta":{"footnotes":""},"class_list":["post-152","page","type-page","status-publish","hentry"],"_links":{"self":[{"href":"https:\/\/dr-dumat.fr\/index.php\/wp-json\/wp\/v2\/pages\/152","targetHints":{"allow":["GET"]}}],"collection":[{"href":"https:\/\/dr-dumat.fr\/index.php\/wp-json\/wp\/v2\/pages"}],"about":[{"href":"https:\/\/dr-dumat.fr\/index.php\/wp-json\/wp\/v2\/types\/page"}],"author":[{"embeddable":true,"href":"https:\/\/dr-dumat.fr\/index.php\/wp-json\/wp\/v2\/users\/1"}],"replies":[{"embeddable":true,"href":"https:\/\/dr-dumat.fr\/index.php\/wp-json\/wp\/v2\/comments?post=152"}],"version-history":[{"count":4,"href":"https:\/\/dr-dumat.fr\/index.php\/wp-json\/wp\/v2\/pages\/152\/revisions"}],"predecessor-version":[{"id":195,"href":"https:\/\/dr-dumat.fr\/index.php\/wp-json\/wp\/v2\/pages\/152\/revisions\/195"}],"wp:attachment":[{"href":"https:\/\/dr-dumat.fr\/index.php\/wp-json\/wp\/v2\/media?parent=152"}],"curies":[{"name":"wp","href":"https:\/\/api.w.org\/{rel}","templated":true}]}}