{"id":249,"date":"2020-04-27T10:48:26","date_gmt":"2020-04-27T08:48:26","guid":{"rendered":"http:\/\/dr-dumat.fr\/?page_id=249"},"modified":"2024-11-23T18:21:17","modified_gmt":"2024-11-23T17:21:17","slug":"vos-assistantes","status":"publish","type":"page","link":"https:\/\/dr-dumat.fr\/index.php\/vos-assistantes\/","title":{"rendered":"Vos assistantes"},"content":{"rendered":"\n<p>Vous serez accueillis par Justine notre secr\u00e9taire m\u00e9dicale, et accompagn\u00e9s dans vos soins par nos assistantes dentaires dipl\u00f4m\u00e9es Cindy, et Laura, ainsi que par Justine en contrat de professionnalisation.<\/p>\n\n\n\n<div class=\"wp-block-media-text has-media-on-the-right is-stacked-on-mobile\" style=\"grid-template-columns:auto 40%\"><div class=\"wp-block-media-text__content\">\n<p class=\"has-text-align-center\">Cindy, assistante dentaire<\/p>\n<\/div><figure class=\"wp-block-media-text__media\"><img loading=\"lazy\" decoding=\"async\" width=\"768\" height=\"1024\" src=\"https:\/\/dr-dumat.fr\/wp-content\/uploads\/2024\/11\/A7400443-768x1024.jpg\" alt=\"\" class=\"wp-image-308 size-full\" srcset=\"https:\/\/dr-dumat.fr\/wp-content\/uploads\/2024\/11\/A7400443-768x1024.jpg 768w, https:\/\/dr-dumat.fr\/wp-content\/uploads\/2024\/11\/A7400443-225x300.jpg 225w, https:\/\/dr-dumat.fr\/wp-content\/uploads\/2024\/11\/A7400443-1152x1536.jpg 1152w, https:\/\/dr-dumat.fr\/wp-content\/uploads\/2024\/11\/A7400443.jpg 1536w\" sizes=\"auto, (max-width: 706px) 89vw, (max-width: 767px) 82vw, 740px\" \/><\/figure><\/div>\n\n\n\n<div class=\"wp-block-media-text is-stacked-on-mobile\" style=\"grid-template-columns:40% auto\"><figure class=\"wp-block-media-text__media\"><img loading=\"lazy\" decoding=\"async\" width=\"819\" height=\"1024\" src=\"https:\/\/dr-dumat.fr\/wp-content\/uploads\/2024\/11\/A7400472-819x1024.jpg\" alt=\"\" class=\"wp-image-317 size-full\" srcset=\"https:\/\/dr-dumat.fr\/wp-content\/uploads\/2024\/11\/A7400472-819x1024.jpg 819w, https:\/\/dr-dumat.fr\/wp-content\/uploads\/2024\/11\/A7400472-240x300.jpg 240w, https:\/\/dr-dumat.fr\/wp-content\/uploads\/2024\/11\/A7400472-768x960.jpg 768w, https:\/\/dr-dumat.fr\/wp-content\/uploads\/2024\/11\/A7400472-1229x1536.jpg 1229w, https:\/\/dr-dumat.fr\/wp-content\/uploads\/2024\/11\/A7400472.jpg 1638w\" sizes=\"auto, (max-width: 706px) 89vw, (max-width: 767px) 82vw, 740px\" \/><\/figure><div class=\"wp-block-media-text__content\">\n<p class=\"has-text-align-center\">Laura, assistante dentaire<\/p>\n<\/div><\/div>\n\n\n\n<div class=\"wp-block-media-text has-media-on-the-right is-stacked-on-mobile\" style=\"grid-template-columns:auto 40%\"><div class=\"wp-block-media-text__content\">\n<p class=\"has-text-align-center\">Justine, assistante en contrat de professionnalisation <\/p>\n<\/div><figure class=\"wp-block-media-text__media\"><img loading=\"lazy\" decoding=\"async\" width=\"768\" height=\"1024\" src=\"https:\/\/dr-dumat.fr\/wp-content\/uploads\/2024\/11\/A7400414-768x1024.jpg\" alt=\"\" class=\"wp-image-302 size-full\" srcset=\"https:\/\/dr-dumat.fr\/wp-content\/uploads\/2024\/11\/A7400414-768x1024.jpg 768w, https:\/\/dr-dumat.fr\/wp-content\/uploads\/2024\/11\/A7400414-225x300.jpg 225w, https:\/\/dr-dumat.fr\/wp-content\/uploads\/2024\/11\/A7400414-1152x1536.jpg 1152w, https:\/\/dr-dumat.fr\/wp-content\/uploads\/2024\/11\/A7400414.jpg 1536w\" sizes=\"auto, (max-width: 706px) 89vw, (max-width: 767px) 82vw, 740px\" \/><\/figure><\/div>\n","protected":false},"excerpt":{"rendered":"<p>Vous serez accueillis par Justine notre secr\u00e9taire m\u00e9dicale, et accompagn\u00e9s dans vos soins par nos assistantes dentaires dipl\u00f4m\u00e9es Cindy, et Laura, ainsi que par Justine en contrat de professionnalisation. Cindy, assistante dentaire Laura, assistante dentaire Justine, assistante en contrat de professionnalisation<\/p>\n","protected":false},"author":1,"featured_media":0,"parent":0,"menu_order":0,"comment_status":"closed","ping_status":"closed","template":"","meta":{"footnotes":""},"class_list":["post-249","page","type-page","status-publish","hentry"],"_links":{"self":[{"href":"https:\/\/dr-dumat.fr\/index.php\/wp-json\/wp\/v2\/pages\/249","targetHints":{"allow":["GET"]}}],"collection":[{"href":"https:\/\/dr-dumat.fr\/index.php\/wp-json\/wp\/v2\/pages"}],"about":[{"href":"https:\/\/dr-dumat.fr\/index.php\/wp-json\/wp\/v2\/types\/page"}],"author":[{"embeddable":true,"href":"https:\/\/dr-dumat.fr\/index.php\/wp-json\/wp\/v2\/users\/1"}],"replies":[{"embeddable":true,"href":"https:\/\/dr-dumat.fr\/index.php\/wp-json\/wp\/v2\/comments?post=249"}],"version-history":[{"count":7,"href":"https:\/\/dr-dumat.fr\/index.php\/wp-json\/wp\/v2\/pages\/249\/revisions"}],"predecessor-version":[{"id":349,"href":"https:\/\/dr-dumat.fr\/index.php\/wp-json\/wp\/v2\/pages\/249\/revisions\/349"}],"wp:attachment":[{"href":"https:\/\/dr-dumat.fr\/index.php\/wp-json\/wp\/v2\/media?parent=249"}],"curies":[{"name":"wp","href":"https:\/\/api.w.org\/{rel}","templated":true}]}}