{"id":4,"date":"2017-05-09T07:45:26","date_gmt":"2017-05-09T05:45:26","guid":{"rendered":"http:\/\/dr-dumat.fr\/?page_id=4"},"modified":"2024-11-23T18:40:16","modified_gmt":"2024-11-23T17:40:16","slug":"cabinet","status":"publish","type":"page","link":"https:\/\/dr-dumat.fr\/","title":{"rendered":"Accueil"},"content":{"rendered":"\n<p>Notre cabinet vous propose des traitements orthodontiques vari\u00e9s: pr\u00e9coces, fonctionnels et esth\u00e9tiques, aussi bien chez l&#8217;enfant que chez l&#8217;adulte.<\/p>\n\n\n\n<p>Nous pratiquons un large \u00e9ventail de techniques de traitements num\u00e9riques modernes: approches fonctionnelles, aligneurs, multiattaches (bagues), &#8230;<\/p>\n\n\n\n<p>Des rendez-vous sont disponibles toute l&#8217;ann\u00e9e.<\/p>\n\n\n\n<h1 class=\"wp-block-heading\">Nous contacter<\/h1>\n\n\n\n<p>Pour prendre vos premiers rendez-vous d&#8217;orthodontie, vous pouvez nous contacter par t\u00e9l\u00e9phone ou par e-mail:<\/p>\n\n\n\n<ul class=\"wp-block-list\">\n<li>Par t\u00e9l\u00e9phone:&nbsp;02 61 53 56 35<\/li>\n\n\n\n<li>Par email:&nbsp;<a href=\"mailto:info@dr-dumat.fr?Subject=Demande%20d'%20informations\" target=\"_top\" rel=\"noopener noreferrer\">info@dr-dumat.fr<\/a><\/li>\n<\/ul>\n\n\n\n<h1 class=\"wp-block-heading\">Nous trouver<\/h1>\n\n\n\n<p>Nos locaux se situent au 13 Route de Caen, \u00e0 deux pas de la mairie, au coeur de Douvres-La-D\u00e9livrande.<\/p>\n\n\n\n<p><iframe loading=\"lazy\" style=\"border: 0;\" src=\"https:\/\/www.google.com\/maps\/embed?pb=!1m18!1m12!1m3!1d3051.540117370535!2d-0.37507350059301464!3d49.29820643792731!2m3!1f0!2f0!3f0!3m2!1i1024!2i768!4f13.1!3m3!1m2!1s0x0%3A0x814185170147b462!2sDr+Marion+Dumat!5e0!3m2!1sen!2sfr!4v1496045312798\" width=\"600\" height=\"450\" frameborder=\"0\" allowfullscreen=\"allowfullscreen\"><\/iframe><\/p>\n\n\n\n<figure class=\"wp-block-image size-large\"><img loading=\"lazy\" decoding=\"async\" width=\"1024\" height=\"683\" src=\"https:\/\/dr-dumat.fr\/wp-content\/uploads\/2024\/11\/A7400517-1024x683.jpg\" alt=\"cabinet d'orthodontie Douvres-la-d\u00e9livrande. Consultations et rendez-vous disponibles.\" class=\"wp-image-336\" srcset=\"https:\/\/dr-dumat.fr\/wp-content\/uploads\/2024\/11\/A7400517-1024x683.jpg 1024w, https:\/\/dr-dumat.fr\/wp-content\/uploads\/2024\/11\/A7400517-300x200.jpg 300w, https:\/\/dr-dumat.fr\/wp-content\/uploads\/2024\/11\/A7400517-768x512.jpg 768w, https:\/\/dr-dumat.fr\/wp-content\/uploads\/2024\/11\/A7400517-1536x1024.jpg 1536w, https:\/\/dr-dumat.fr\/wp-content\/uploads\/2024\/11\/A7400517.jpg 2048w\" sizes=\"auto, (max-width: 706px) 89vw, (max-width: 767px) 82vw, 740px\" \/><\/figure>\n\n\n\n<h1 class=\"wp-block-heading\"><strong>Horaires d&#8217;ouvertures<\/strong><\/h1>\n\n\n\n<figure class=\"wp-block-table is-style-stripes\"><table><tbody><tr><td class=\"has-text-align-center\" data-align=\"center\"><strong>Lundi<\/strong><\/td><td class=\"has-text-align-left\" data-align=\"left\">8:30-12:30 | 13:30-17:30<\/td><\/tr><tr><td class=\"has-text-align-center\" data-align=\"center\"><strong>Mardi<\/strong><\/td><td class=\"has-text-align-left\" data-align=\"left\">9:30-12:30 | Ferm\u00e9<\/td><\/tr><tr><td class=\"has-text-align-center\" data-align=\"center\"><strong>Mercredi<\/strong><\/td><td class=\"has-text-align-left\" data-align=\"left\">8:30-12:30 | 13:30-17:30<\/td><\/tr><tr><td class=\"has-text-align-center\" data-align=\"center\"><strong>Jeudi<\/strong><\/td><td class=\"has-text-align-left\" data-align=\"left\">8:30-12:30 | 13:30-17:30<\/td><\/tr><tr><td class=\"has-text-align-center\" data-align=\"center\"><strong>Vendredi<\/strong><\/td><td class=\"has-text-align-left\" data-align=\"left\">Ferm\u00e9<\/td><\/tr><tr><td class=\"has-text-align-center\" data-align=\"center\"><strong>Samedi<\/strong><\/td><td class=\"has-text-align-left\" data-align=\"left\">Ferm\u00e9<\/td><\/tr><tr><td class=\"has-text-align-center\" data-align=\"center\"><strong>Dimanche<\/strong><\/td><td class=\"has-text-align-left\" data-align=\"left\">Ferm\u00e9<\/td><\/tr><\/tbody><\/table><\/figure>\n\n\n\n<p><\/p>\n","protected":false},"excerpt":{"rendered":"<p>Notre cabinet vous propose des traitements orthodontiques vari\u00e9s: pr\u00e9coces, fonctionnels et esth\u00e9tiques, aussi bien chez l&#8217;enfant que chez l&#8217;adulte. Nous pratiquons un large \u00e9ventail de techniques de traitements num\u00e9riques modernes: approches fonctionnelles, aligneurs, multiattaches (bagues), &#8230; Des rendez-vous sont disponibles toute l&#8217;ann\u00e9e. Nous contacter Pour prendre vos premiers rendez-vous d&#8217;orthodontie, vous pouvez nous contacter par &hellip; <\/p>\n<p class=\"link-more\"><a href=\"https:\/\/dr-dumat.fr\/\" class=\"more-link\">Continue reading<span class=\"screen-reader-text\"> &#8220;Accueil&#8221;<\/span><\/a><\/p>\n","protected":false},"author":1,"featured_media":0,"parent":0,"menu_order":0,"comment_status":"closed","ping_status":"closed","template":"","meta":{"footnotes":""},"class_list":["post-4","page","type-page","status-publish","hentry"],"_links":{"self":[{"href":"https:\/\/dr-dumat.fr\/index.php\/wp-json\/wp\/v2\/pages\/4","targetHints":{"allow":["GET"]}}],"collection":[{"href":"https:\/\/dr-dumat.fr\/index.php\/wp-json\/wp\/v2\/pages"}],"about":[{"href":"https:\/\/dr-dumat.fr\/index.php\/wp-json\/wp\/v2\/types\/page"}],"author":[{"embeddable":true,"href":"https:\/\/dr-dumat.fr\/index.php\/wp-json\/wp\/v2\/users\/1"}],"replies":[{"embeddable":true,"href":"https:\/\/dr-dumat.fr\/index.php\/wp-json\/wp\/v2\/comments?post=4"}],"version-history":[{"count":39,"href":"https:\/\/dr-dumat.fr\/index.php\/wp-json\/wp\/v2\/pages\/4\/revisions"}],"predecessor-version":[{"id":361,"href":"https:\/\/dr-dumat.fr\/index.php\/wp-json\/wp\/v2\/pages\/4\/revisions\/361"}],"wp:attachment":[{"href":"https:\/\/dr-dumat.fr\/index.php\/wp-json\/wp\/v2\/media?parent=4"}],"curies":[{"name":"wp","href":"https:\/\/api.w.org\/{rel}","templated":true}]}}